{"id":817,"date":"2020-10-02T21:25:12","date_gmt":"2020-10-02T21:25:12","guid":{"rendered":"http:\/\/impexpharm.com\/?page_id=817"},"modified":"2020-10-02T21:36:22","modified_gmt":"2020-10-02T21:36:22","slug":"descargo-de-responsabilidad","status":"publish","type":"page","link":"https:\/\/impexpharm.com\/en\/descargo-de-responsabilidad\/","title":{"rendered":"Disclaimer"},"content":{"rendered":"<div data-elementor-type=\"wp-page\" data-elementor-id=\"817\" class=\"elementor elementor-817\" data-elementor-post-type=\"page\">\n\t\t\t\t\t\t<section class=\"elementor-section elementor-top-section elementor-element elementor-element-c2a0020 elementor-section-boxed elementor-section-height-default elementor-section-height-default\" data-id=\"c2a0020\" data-element_type=\"section\" data-e-type=\"section\">\n\t\t\t\t\t\t<div class=\"elementor-container elementor-column-gap-default\">\n\t\t\t\t\t<div class=\"elementor-column elementor-col-100 elementor-top-column elementor-element elementor-element-fa5e736\" data-id=\"fa5e736\" data-element_type=\"column\" data-e-type=\"column\">\n\t\t\t<div class=\"elementor-widget-wrap elementor-element-populated\">\n\t\t\t\t\t\t<div class=\"elementor-element elementor-element-147e765 elementor-widget elementor-widget-heading\" data-id=\"147e765\" data-element_type=\"widget\" data-e-type=\"widget\" data-widget_type=\"heading.default\">\n\t\t\t\t<div class=\"elementor-widget-container\">\n\t\t\t\t\t<h2 class=\"elementor-heading-title elementor-size-default\">Disclaimer<\/h2>\t\t\t\t<\/div>\n\t\t\t\t<\/div>\n\t\t\t\t\t<\/div>\n\t\t<\/div>\n\t\t\t\t\t<\/div>\n\t\t<\/section>\n\t\t\t\t<section class=\"elementor-section elementor-top-section elementor-element elementor-element-5d167a3 elementor-section-boxed elementor-section-height-default elementor-section-height-default\" data-id=\"5d167a3\" data-element_type=\"section\" data-e-type=\"section\">\n\t\t\t\t\t\t<div class=\"elementor-container elementor-column-gap-default\">\n\t\t\t\t\t<div class=\"elementor-column elementor-col-100 elementor-top-column elementor-element elementor-element-1378cae\" data-id=\"1378cae\" data-element_type=\"column\" data-e-type=\"column\">\n\t\t\t<div class=\"elementor-widget-wrap elementor-element-populated\">\n\t\t\t\t\t\t<div class=\"elementor-element elementor-element-6276e45 elementor-widget elementor-widget-text-editor\" data-id=\"6276e45\" data-element_type=\"widget\" data-e-type=\"widget\" data-widget_type=\"text-editor.default\">\n\t\t\t\t<div class=\"elementor-widget-container\">\n\t\t\t\t\t\t\t\t\t<p>The information on this website is for general purposes only. Impexpharm provides the information and although we strive to keep it up to date, correct and with adequate scientific support, we do not make representations or warranties of any kind, explicit or implicit, about the completeness, accuracy, reliability, suitability or availability with respect to the website or the information, products, services or related graphics contained on the website for any purpose. Therefore, any reliance you place on such information is strictly at your own risk and responsibility.<\/p><p>In no event will we be liable for any loss or damage, including but not limited to indirect or consequential loss or damage, or any loss or damage arising out of loss of data or earnings arising out of or related to the use of this website.<\/p><p>This website may have links to other websites that are not under the control of Impexpharm. We have no control over the nature, content and availability of those sites. The inclusion of any link does not necessarily imply a recommendation or endorse the opinions expressed in them, in fact, there may be links to other sites that, as they do not depend on Impexpharm, could be modified by their authors and therefore do not represent the will of Impexpharm.<\/p><p>We do our best to keep the website running smoothly. However, Impexpharm is not responsible and will not be liable for the website being temporarily unavailable due to technical problems beyond our control.<\/p>\t\t\t\t\t\t\t\t<\/div>\n\t\t\t\t<\/div>\n\t\t\t\t\t<\/div>\n\t\t<\/div>\n\t\t\t\t\t<\/div>\n\t\t<\/section>\n\t\t\t\t<\/div>","protected":false},"excerpt":{"rendered":"<p>Descargo de responsabilidad La informaci\u00f3n contenida en este sitio web es solo para fines generales. Impexpharm proporciona la informaci\u00f3n y aunque nos esforzamos por mantener la misma actualizada, correcta y con respaldos cient\u00edficos adecuados, no hacemos representaciones ni garant\u00edas de ning\u00fan tipo, expl\u00edcitas o impl\u00edcitas, sobre la integridad, precisi\u00f3n, fiabilidad, idoneidad o disponibilidad con respecto&hellip;&nbsp;<a href=\"https:\/\/impexpharm.com\/en\/descargo-de-responsabilidad\/\" rel=\"bookmark\">Read More &raquo;<span class=\"screen-reader-text\">Disclaimer<\/span><\/a><\/p>","protected":false},"author":1,"featured_media":0,"parent":0,"menu_order":0,"comment_status":"closed","ping_status":"closed","template":"page-templates\/template-pagebuilder-full-width.php","meta":{"_monsterinsights_skip_tracking":false,"_monsterinsights_sitenote_active":false,"_monsterinsights_sitenote_note":"","_monsterinsights_sitenote_category":0,"neve_meta_sidebar":"full-width","neve_meta_container":"","neve_meta_enable_content_width":"on","neve_meta_content_width":100,"neve_meta_title_alignment":"","neve_meta_author_avatar":"","neve_post_elements_order":"","neve_meta_disable_header":"","neve_meta_disable_footer":"","neve_meta_disable_title":"on","footnotes":""},"class_list":["post-817","page","type-page","status-publish","hentry"],"yoast_head":"<!-- This site is optimized with the Yoast SEO plugin v27.4 - https:\/\/yoast.com\/product\/yoast-seo-wordpress\/ -->\n<title>Descargo de Responsabilidad - Impexpharm<\/title>\n<meta name=\"robots\" content=\"index, follow, max-snippet:-1, max-image-preview:large, max-video-preview:-1\" \/>\n<link rel=\"canonical\" href=\"https:\/\/impexpharm.com\/en\/descargo-de-responsabilidad\/\" \/>\n<meta property=\"og:locale\" content=\"en_US\" \/>\n<meta property=\"og:type\" content=\"article\" \/>\n<meta property=\"og:title\" content=\"Descargo de Responsabilidad - Impexpharm\" \/>\n<meta property=\"og:description\" content=\"Descargo de responsabilidad La informaci\u00f3n contenida en este sitio web es solo para fines generales. Impexpharm proporciona la informaci\u00f3n y aunque nos esforzamos por mantener la misma actualizada, correcta y con respaldos cient\u00edficos adecuados, no hacemos representaciones ni garant\u00edas de ning\u00fan tipo, expl\u00edcitas o impl\u00edcitas, sobre la integridad, precisi\u00f3n, fiabilidad, idoneidad o disponibilidad con respecto&hellip;&nbsp;Read More &raquo;Descargo de Responsabilidad\" \/>\n<meta property=\"og:url\" content=\"https:\/\/impexpharm.com\/en\/descargo-de-responsabilidad\/\" \/>\n<meta property=\"og:site_name\" content=\"Impexpharm\" \/>\n<meta property=\"article:modified_time\" content=\"2020-10-02T21:36:22+00:00\" \/>\n<meta name=\"twitter:card\" content=\"summary_large_image\" \/>\n<meta name=\"twitter:label1\" content=\"Est. reading time\" \/>\n\t<meta name=\"twitter:data1\" content=\"1 minute\" \/>\n<script type=\"application\/ld+json\" class=\"yoast-schema-graph\">{\"@context\":\"https:\\\/\\\/schema.org\",\"@graph\":[{\"@type\":\"WebPage\",\"@id\":\"https:\\\/\\\/impexpharm.com\\\/descargo-de-responsabilidad\\\/\",\"url\":\"https:\\\/\\\/impexpharm.com\\\/descargo-de-responsabilidad\\\/\",\"name\":\"Descargo de Responsabilidad - Impexpharm\",\"isPartOf\":{\"@id\":\"https:\\\/\\\/impexpharm.com\\\/#website\"},\"datePublished\":\"2020-10-02T21:25:12+00:00\",\"dateModified\":\"2020-10-02T21:36:22+00:00\",\"breadcrumb\":{\"@id\":\"https:\\\/\\\/impexpharm.com\\\/descargo-de-responsabilidad\\\/#breadcrumb\"},\"inLanguage\":\"en-US\",\"potentialAction\":[{\"@type\":\"ReadAction\",\"target\":[\"https:\\\/\\\/impexpharm.com\\\/descargo-de-responsabilidad\\\/\"]}]},{\"@type\":\"BreadcrumbList\",\"@id\":\"https:\\\/\\\/impexpharm.com\\\/descargo-de-responsabilidad\\\/#breadcrumb\",\"itemListElement\":[{\"@type\":\"ListItem\",\"position\":1,\"name\":\"Portada\",\"item\":\"https:\\\/\\\/impexpharm.com\\\/\"},{\"@type\":\"ListItem\",\"position\":2,\"name\":\"Descargo de Responsabilidad\"}]},{\"@type\":\"WebSite\",\"@id\":\"https:\\\/\\\/impexpharm.com\\\/#website\",\"url\":\"https:\\\/\\\/impexpharm.com\\\/\",\"name\":\"Impexpharm.com\",\"description\":\"Laboratorio Farmac\u00e9utico especializado en Salud Funcional\",\"publisher\":{\"@id\":\"https:\\\/\\\/impexpharm.com\\\/#organization\"},\"alternateName\":\"Impex\",\"potentialAction\":[{\"@type\":\"SearchAction\",\"target\":{\"@type\":\"EntryPoint\",\"urlTemplate\":\"https:\\\/\\\/impexpharm.com\\\/?s={search_term_string}\"},\"query-input\":{\"@type\":\"PropertyValueSpecification\",\"valueRequired\":true,\"valueName\":\"search_term_string\"}}],\"inLanguage\":\"en-US\"},{\"@type\":\"Organization\",\"@id\":\"https:\\\/\\\/impexpharm.com\\\/#organization\",\"name\":\"Impexpharm | Mejor, para siempre\",\"alternateName\":\"Impex\",\"url\":\"https:\\\/\\\/impexpharm.com\\\/\",\"logo\":{\"@type\":\"ImageObject\",\"inLanguage\":\"en-US\",\"@id\":\"https:\\\/\\\/impexpharm.com\\\/#\\\/schema\\\/logo\\\/image\\\/\",\"url\":\"https:\\\/\\\/i0.wp.com\\\/impexpharm.com\\\/wp-content\\\/uploads\\\/2024\\\/03\\\/Logo2023ysloganV1.png?fit=1200%2C420&ssl=1\",\"contentUrl\":\"https:\\\/\\\/i0.wp.com\\\/impexpharm.com\\\/wp-content\\\/uploads\\\/2024\\\/03\\\/Logo2023ysloganV1.png?fit=1200%2C420&ssl=1\",\"width\":1200,\"height\":420,\"caption\":\"Impexpharm | Mejor, para siempre\"},\"image\":{\"@id\":\"https:\\\/\\\/impexpharm.com\\\/#\\\/schema\\\/logo\\\/image\\\/\"},\"sameAs\":[\"https:\\\/\\\/www.linkedin.com\\\/company\\\/impexpharm-latam\\\/\"]}]}<\/script>\n<!-- \/ Yoast SEO plugin. -->","yoast_head_json":{"title":"Descargo de Responsabilidad - Impexpharm","robots":{"index":"index","follow":"follow","max-snippet":"max-snippet:-1","max-image-preview":"max-image-preview:large","max-video-preview":"max-video-preview:-1"},"canonical":"https:\/\/impexpharm.com\/en\/descargo-de-responsabilidad\/","og_locale":"en_US","og_type":"article","og_title":"Descargo de Responsabilidad - Impexpharm","og_description":"Descargo de responsabilidad La informaci\u00f3n contenida en este sitio web es solo para fines generales. Impexpharm proporciona la informaci\u00f3n y aunque nos esforzamos por mantener la misma actualizada, correcta y con respaldos cient\u00edficos adecuados, no hacemos representaciones ni garant\u00edas de ning\u00fan tipo, expl\u00edcitas o impl\u00edcitas, sobre la integridad, precisi\u00f3n, fiabilidad, idoneidad o disponibilidad con respecto&hellip;&nbsp;Read More &raquo;Descargo de Responsabilidad","og_url":"https:\/\/impexpharm.com\/en\/descargo-de-responsabilidad\/","og_site_name":"Impexpharm","article_modified_time":"2020-10-02T21:36:22+00:00","twitter_card":"summary_large_image","twitter_misc":{"Est. reading time":"1 minute"},"schema":{"@context":"https:\/\/schema.org","@graph":[{"@type":"WebPage","@id":"https:\/\/impexpharm.com\/descargo-de-responsabilidad\/","url":"https:\/\/impexpharm.com\/descargo-de-responsabilidad\/","name":"Descargo de Responsabilidad - Impexpharm","isPartOf":{"@id":"https:\/\/impexpharm.com\/#website"},"datePublished":"2020-10-02T21:25:12+00:00","dateModified":"2020-10-02T21:36:22+00:00","breadcrumb":{"@id":"https:\/\/impexpharm.com\/descargo-de-responsabilidad\/#breadcrumb"},"inLanguage":"en-US","potentialAction":[{"@type":"ReadAction","target":["https:\/\/impexpharm.com\/descargo-de-responsabilidad\/"]}]},{"@type":"BreadcrumbList","@id":"https:\/\/impexpharm.com\/descargo-de-responsabilidad\/#breadcrumb","itemListElement":[{"@type":"ListItem","position":1,"name":"Portada","item":"https:\/\/impexpharm.com\/"},{"@type":"ListItem","position":2,"name":"Descargo de Responsabilidad"}]},{"@type":"WebSite","@id":"https:\/\/impexpharm.com\/#website","url":"https:\/\/impexpharm.com\/","name":"Impexpharm.com","description":"Laboratorio Farmac\u00e9utico especializado en Salud Funcional","publisher":{"@id":"https:\/\/impexpharm.com\/#organization"},"alternateName":"Impex","potentialAction":[{"@type":"SearchAction","target":{"@type":"EntryPoint","urlTemplate":"https:\/\/impexpharm.com\/?s={search_term_string}"},"query-input":{"@type":"PropertyValueSpecification","valueRequired":true,"valueName":"search_term_string"}}],"inLanguage":"en-US"},{"@type":"Organization","@id":"https:\/\/impexpharm.com\/#organization","name":"Impexpharm | Mejor, para siempre","alternateName":"Impex","url":"https:\/\/impexpharm.com\/","logo":{"@type":"ImageObject","inLanguage":"en-US","@id":"https:\/\/impexpharm.com\/#\/schema\/logo\/image\/","url":"https:\/\/i0.wp.com\/impexpharm.com\/wp-content\/uploads\/2024\/03\/Logo2023ysloganV1.png?fit=1200%2C420&ssl=1","contentUrl":"https:\/\/i0.wp.com\/impexpharm.com\/wp-content\/uploads\/2024\/03\/Logo2023ysloganV1.png?fit=1200%2C420&ssl=1","width":1200,"height":420,"caption":"Impexpharm | Mejor, para siempre"},"image":{"@id":"https:\/\/impexpharm.com\/#\/schema\/logo\/image\/"},"sameAs":["https:\/\/www.linkedin.com\/company\/impexpharm-latam\/"]}]}},"jetpack_sharing_enabled":true,"_links":{"self":[{"href":"https:\/\/impexpharm.com\/en\/wp-json\/wp\/v2\/pages\/817","targetHints":{"allow":["GET"]}}],"collection":[{"href":"https:\/\/impexpharm.com\/en\/wp-json\/wp\/v2\/pages"}],"about":[{"href":"https:\/\/impexpharm.com\/en\/wp-json\/wp\/v2\/types\/page"}],"author":[{"embeddable":true,"href":"https:\/\/impexpharm.com\/en\/wp-json\/wp\/v2\/users\/1"}],"replies":[{"embeddable":true,"href":"https:\/\/impexpharm.com\/en\/wp-json\/wp\/v2\/comments?post=817"}],"version-history":[{"count":0,"href":"https:\/\/impexpharm.com\/en\/wp-json\/wp\/v2\/pages\/817\/revisions"}],"wp:attachment":[{"href":"https:\/\/impexpharm.com\/en\/wp-json\/wp\/v2\/media?parent=817"}],"curies":[{"name":"wp","href":"https:\/\/api.w.org\/{rel}","templated":true}]}}