{"id":1235,"date":"2024-03-27T12:58:27","date_gmt":"2024-03-27T17:58:27","guid":{"rendered":"https:\/\/impexpharm.com\/?page_id=1235"},"modified":"2024-03-27T17:36:20","modified_gmt":"2024-03-27T22:36:20","slug":"clientes","status":"publish","type":"page","link":"https:\/\/impexpharm.com\/en\/clientes\/","title":{"rendered":"Clientes"},"content":{"rendered":"<div data-elementor-type=\"wp-page\" data-elementor-id=\"1235\" class=\"elementor elementor-1235\" data-elementor-post-type=\"page\">\n\t\t\t\t<div class=\"elementor-element elementor-element-ae2e936 e-con-full e-flex e-con e-parent\" data-id=\"ae2e936\" data-element_type=\"container\" data-e-type=\"container\">\n\t\t\t\t<div class=\"elementor-element elementor-element-2afd3e1 elementor-widget elementor-widget-heading\" data-id=\"2afd3e1\" data-element_type=\"widget\" data-e-type=\"widget\" data-widget_type=\"heading.default\">\n\t\t\t\t<div class=\"elementor-widget-container\">\n\t\t\t\t\t<h2 class=\"elementor-heading-title elementor-size-default\">Nuestros Clientes<\/h2>\t\t\t\t<\/div>\n\t\t\t\t<\/div>\n\t\t\t\t<\/div>\n\t\t<div class=\"elementor-element elementor-element-b84d75e e-con-full e-flex e-con e-parent\" data-id=\"b84d75e\" data-element_type=\"container\" data-e-type=\"container\">\n\t\t<div class=\"elementor-element elementor-element-52c75e1 e-con-full e-flex e-con e-child\" data-id=\"52c75e1\" data-element_type=\"container\" data-e-type=\"container\" data-settings=\"{&quot;background_background&quot;:&quot;classic&quot;}\">\n\t\t\t\t<div class=\"elementor-element elementor-element-ce4b0fc elementor-widget elementor-widget-heading\" data-id=\"ce4b0fc\" data-element_type=\"widget\" data-e-type=\"widget\" data-widget_type=\"heading.default\">\n\t\t\t\t<div class=\"elementor-widget-container\">\n\t\t\t\t\t<h2 class=\"elementor-heading-title elementor-size-default\">Grandes Cadenas de Farmacias<\/h2>\t\t\t\t<\/div>\n\t\t\t\t<\/div>\n\t\t\t\t<\/div>\n\t\t<div class=\"elementor-element elementor-element-ec4bc1f e-con-full e-flex e-con e-child\" data-id=\"ec4bc1f\" data-element_type=\"container\" data-e-type=\"container\">\n\t\t<div class=\"elementor-element elementor-element-8c0404d e-con-full e-flex e-con e-child\" data-id=\"8c0404d\" data-element_type=\"container\" data-e-type=\"container\">\n\t\t\t\t<div class=\"elementor-element elementor-element-6539110 elementor-position-top elementor-widget elementor-widget-image-box\" data-id=\"6539110\" data-element_type=\"widget\" data-e-type=\"widget\" data-widget_type=\"image-box.default\">\n\t\t\t\t<div class=\"elementor-widget-container\">\n\t\t\t\t\t<div class=\"elementor-image-box-wrapper\"><figure class=\"elementor-image-box-img\"><a href=\"https:\/\/www.corporaciongpf.com\/\" tabindex=\"-1\"><img fetchpriority=\"high\" decoding=\"async\" width=\"396\" height=\"396\" src=\"https:\/\/i0.wp.com\/impexpharm.com\/wp-content\/uploads\/2024\/03\/Logo-Femsa-GPF.webp?fit=396%2C396&amp;ssl=1\" class=\"attachment-full size-full wp-image-1244\" alt=\"logo femsa gpf\" srcset=\"https:\/\/i0.wp.com\/impexpharm.com\/wp-content\/uploads\/2024\/03\/Logo-Femsa-GPF.webp?w=396&amp;ssl=1 396w, https:\/\/i0.wp.com\/impexpharm.com\/wp-content\/uploads\/2024\/03\/Logo-Femsa-GPF.webp?resize=300%2C300&amp;ssl=1 300w, https:\/\/i0.wp.com\/impexpharm.com\/wp-content\/uploads\/2024\/03\/Logo-Femsa-GPF.webp?resize=150%2C150&amp;ssl=1 150w, https:\/\/i0.wp.com\/impexpharm.com\/wp-content\/uploads\/2024\/03\/Logo-Femsa-GPF.webp?resize=12%2C12&amp;ssl=1 12w\" sizes=\"(max-width: 396px) 100vw, 396px\" \/><\/a><\/figure><div class=\"elementor-image-box-content\"><h3 class=\"elementor-image-box-title\"><a href=\"https:\/\/www.corporaciongpf.com\/\">Grupo GPF<\/a><\/h3><p class=\"elementor-image-box-description\">Fybeca | Sana Sana<\/p><\/div><\/div>\t\t\t\t<\/div>\n\t\t\t\t<\/div>\n\t\t\t\t<\/div>\n\t\t<div class=\"elementor-element elementor-element-938d142 e-con-full e-flex e-con e-child\" data-id=\"938d142\" data-element_type=\"container\" data-e-type=\"container\">\n\t\t\t\t<div class=\"elementor-element elementor-element-1af701e elementor-position-top elementor-widget elementor-widget-image-box\" data-id=\"1af701e\" data-element_type=\"widget\" data-e-type=\"widget\" data-widget_type=\"image-box.default\">\n\t\t\t\t<div class=\"elementor-widget-container\">\n\t\t\t\t\t<div class=\"elementor-image-box-wrapper\"><figure class=\"elementor-image-box-img\"><a href=\"https:\/\/difare.com.ec\/\" tabindex=\"-1\"><img decoding=\"async\" width=\"396\" height=\"396\" src=\"https:\/\/i0.wp.com\/impexpharm.com\/wp-content\/uploads\/2024\/03\/Logo-Difare.webp?fit=396%2C396&amp;ssl=1\" class=\"attachment-full size-full wp-image-1245\" alt=\"Logo Difare\" srcset=\"https:\/\/i0.wp.com\/impexpharm.com\/wp-content\/uploads\/2024\/03\/Logo-Difare.webp?w=396&amp;ssl=1 396w, https:\/\/i0.wp.com\/impexpharm.com\/wp-content\/uploads\/2024\/03\/Logo-Difare.webp?resize=300%2C300&amp;ssl=1 300w, https:\/\/i0.wp.com\/impexpharm.com\/wp-content\/uploads\/2024\/03\/Logo-Difare.webp?resize=150%2C150&amp;ssl=1 150w, https:\/\/i0.wp.com\/impexpharm.com\/wp-content\/uploads\/2024\/03\/Logo-Difare.webp?resize=12%2C12&amp;ssl=1 12w\" sizes=\"(max-width: 396px) 100vw, 396px\" \/><\/a><\/figure><div class=\"elementor-image-box-content\"><h3 class=\"elementor-image-box-title\"><a href=\"https:\/\/difare.com.ec\/\">Grupo Difare<\/a><\/h3><p class=\"elementor-image-box-description\">Pharmacys | Cruz Azul | Dromayor<\/p><\/div><\/div>\t\t\t\t<\/div>\n\t\t\t\t<\/div>\n\t\t\t\t<\/div>\n\t\t<div class=\"elementor-element elementor-element-dd976f8 e-con-full e-flex e-con e-child\" data-id=\"dd976f8\" data-element_type=\"container\" data-e-type=\"container\">\n\t\t\t\t<div class=\"elementor-element elementor-element-6b2e202 elementor-position-top elementor-widget elementor-widget-image-box\" data-id=\"6b2e202\" data-element_type=\"widget\" data-e-type=\"widget\" data-widget_type=\"image-box.default\">\n\t\t\t\t<div class=\"elementor-widget-container\">\n\t\t\t\t\t<div class=\"elementor-image-box-wrapper\"><figure class=\"elementor-image-box-img\"><a href=\"https:\/\/www.farmaenlace.com\/\" tabindex=\"-1\"><img decoding=\"async\" width=\"396\" height=\"396\" src=\"https:\/\/i0.wp.com\/impexpharm.com\/wp-content\/uploads\/2024\/03\/Farmaenlace-logo-webp.webp?fit=396%2C396&amp;ssl=1\" class=\"attachment-full size-full wp-image-1246\" alt=\"Logo Farmaenlace\" srcset=\"https:\/\/i0.wp.com\/impexpharm.com\/wp-content\/uploads\/2024\/03\/Farmaenlace-logo-webp.webp?w=396&amp;ssl=1 396w, https:\/\/i0.wp.com\/impexpharm.com\/wp-content\/uploads\/2024\/03\/Farmaenlace-logo-webp.webp?resize=300%2C300&amp;ssl=1 300w, https:\/\/i0.wp.com\/impexpharm.com\/wp-content\/uploads\/2024\/03\/Farmaenlace-logo-webp.webp?resize=150%2C150&amp;ssl=1 150w, https:\/\/i0.wp.com\/impexpharm.com\/wp-content\/uploads\/2024\/03\/Farmaenlace-logo-webp.webp?resize=12%2C12&amp;ssl=1 12w\" sizes=\"(max-width: 396px) 100vw, 396px\" \/><\/a><\/figure><div class=\"elementor-image-box-content\"><h3 class=\"elementor-image-box-title\"><a href=\"https:\/\/www.farmaenlace.com\/\">Farmaenlace<\/a><\/h3><p class=\"elementor-image-box-description\">Medicity | Farmacias Econ\u00f3micas | Farmayor<\/p><\/div><\/div>\t\t\t\t<\/div>\n\t\t\t\t<\/div>\n\t\t\t\t<\/div>\n\t\t\t\t<\/div>\n\t\t\t\t<\/div>\n\t\t<div class=\"elementor-element elementor-element-b40a02e e-con-full e-flex e-con e-parent\" data-id=\"b40a02e\" data-element_type=\"container\" data-e-type=\"container\">\n\t\t<div class=\"elementor-element elementor-element-c40bcd7 e-con-full e-flex e-con e-child\" data-id=\"c40bcd7\" data-element_type=\"container\" data-e-type=\"container\" data-settings=\"{&quot;background_background&quot;:&quot;classic&quot;}\">\n\t\t\t\t<div class=\"elementor-element elementor-element-79cc7f9 elementor-widget elementor-widget-heading\" data-id=\"79cc7f9\" data-element_type=\"widget\" data-e-type=\"widget\" data-widget_type=\"heading.default\">\n\t\t\t\t<div class=\"elementor-widget-container\">\n\t\t\t\t\t<h2 class=\"elementor-heading-title elementor-size-default\">Otros B2B y B2C<\/h2>\t\t\t\t<\/div>\n\t\t\t\t<\/div>\n\t\t<div class=\"elementor-element elementor-element-2319cd4 e-flex e-con-boxed e-con e-child\" data-id=\"2319cd4\" data-element_type=\"container\" data-e-type=\"container\">\n\t\t\t\t\t<div class=\"e-con-inner\">\n\t\t<div class=\"elementor-element elementor-element-3b38d96 e-con-full e-flex e-con e-child\" data-id=\"3b38d96\" data-element_type=\"container\" data-e-type=\"container\" data-settings=\"{&quot;background_background&quot;:&quot;classic&quot;}\">\n\t\t\t\t<div class=\"elementor-element elementor-element-974345a elementor-view-framed elementor-shape-circle elementor-position-block-start elementor-mobile-position-block-start elementor-widget elementor-widget-icon-box\" data-id=\"974345a\" data-element_type=\"widget\" data-e-type=\"widget\" data-widget_type=\"icon-box.default\">\n\t\t\t\t<div class=\"elementor-widget-container\">\n\t\t\t\t\t\t\t<div class=\"elementor-icon-box-wrapper\">\n\n\t\t\t\t\t\t<div class=\"elementor-icon-box-icon\">\n\t\t\t\t<span  class=\"elementor-icon\">\n\t\t\t\t<i aria-hidden=\"true\" class=\"far fa-hospital\"><\/i>\t\t\t\t<\/span>\n\t\t\t<\/div>\n\t\t\t\n\t\t\t\t\t\t<div class=\"elementor-icon-box-content\">\n\n\t\t\t\t\t\t\t\t\t<h3 class=\"elementor-icon-box-title\">\n\t\t\t\t\t\t<span  >\n\t\t\t\t\t\t\tCl\u00ednicas\t\t\t\t\t\t<\/span>\n\t\t\t\t\t<\/h3>\n\t\t\t\t\n\t\t\t\t\t\t\t\t\t<p class=\"elementor-icon-box-description\">\n\t\t\t\t\t\tM\u00e1s de 10 cl\u00ednicas Nutricionales y Oftalmol\u00f3gicas de las principales ciudades del Ecuador conf\u00edan en nuestros productos. \t\t\t\t\t<\/p>\n\t\t\t\t\n\t\t\t<\/div>\n\t\t\t\n\t\t<\/div>\n\t\t\t\t\t\t<\/div>\n\t\t\t\t<\/div>\n\t\t\t\t<\/div>\n\t\t<div class=\"elementor-element elementor-element-edbf66c e-con-full e-flex e-con e-child\" data-id=\"edbf66c\" data-element_type=\"container\" data-e-type=\"container\" data-settings=\"{&quot;background_background&quot;:&quot;classic&quot;}\">\n\t\t\t\t<div class=\"elementor-element elementor-element-405726e elementor-view-framed elementor-shape-circle elementor-position-block-start elementor-mobile-position-block-start elementor-widget elementor-widget-icon-box\" data-id=\"405726e\" data-element_type=\"widget\" data-e-type=\"widget\" data-widget_type=\"icon-box.default\">\n\t\t\t\t<div class=\"elementor-widget-container\">\n\t\t\t\t\t\t\t<div class=\"elementor-icon-box-wrapper\">\n\n\t\t\t\t\t\t<div class=\"elementor-icon-box-icon\">\n\t\t\t\t<span  class=\"elementor-icon\">\n\t\t\t\t<i aria-hidden=\"true\" class=\"fas fa-users\"><\/i>\t\t\t\t<\/span>\n\t\t\t<\/div>\n\t\t\t\n\t\t\t\t\t\t<div class=\"elementor-icon-box-content\">\n\n\t\t\t\t\t\t\t\t\t<h3 class=\"elementor-icon-box-title\">\n\t\t\t\t\t\t<span  >\n\t\t\t\t\t\t\tB2C\t\t\t\t\t\t<\/span>\n\t\t\t\t\t<\/h3>\n\t\t\t\t\n\t\t\t\t\t\t\t\t\t<p class=\"elementor-icon-box-description\">\n\t\t\t\t\t\tHemos realizado m\u00e1s de 1000 transacciones electr\u00f3nicas a trav\u00e9s de nuestras tiendas virtuales. Alcanzamos mensualmente m\u00e1s de 1500 impresiones con nuestras tiendas.\t\t\t\t\t<\/p>\n\t\t\t\t\n\t\t\t<\/div>\n\t\t\t\n\t\t<\/div>\n\t\t\t\t\t\t<\/div>\n\t\t\t\t<\/div>\n\t\t\t\t<\/div>\n\t\t\t\t\t<\/div>\n\t\t\t\t<\/div>\n\t\t\t\t<\/div>\n\t\t\t\t<\/div>\n\t\t\t\t<\/div>","protected":false},"excerpt":{"rendered":"<p>Nuestros Clientes Grandes Cadenas de Farmacias Grupo GPF Fybeca | Sana Sana Grupo Difare Pharmacys | Cruz Azul | Dromayor Farmaenlace Medicity | Farmacias Econ\u00f3micas | Farmayor Otros B2B y B2C Cl\u00ednicas M\u00e1s de 10 cl\u00ednicas Nutricionales y Oftalmol\u00f3gicas de las principales ciudades del Ecuador conf\u00edan en nuestros productos. B2C Hemos realizado m\u00e1s de 1000&hellip;&nbsp;<a href=\"https:\/\/impexpharm.com\/en\/clientes\/\" rel=\"bookmark\">Read More &raquo;<span class=\"screen-reader-text\">Clientes<\/span><\/a><\/p>","protected":false},"author":1,"featured_media":1082,"parent":0,"menu_order":0,"comment_status":"closed","ping_status":"closed","template":"page-templates\/template-pagebuilder-full-width.php","meta":{"_monsterinsights_skip_tracking":false,"_monsterinsights_sitenote_active":false,"_monsterinsights_sitenote_note":"","_monsterinsights_sitenote_category":0,"neve_meta_sidebar":"","neve_meta_container":"","neve_meta_enable_content_width":"","neve_meta_content_width":0,"neve_meta_title_alignment":"","neve_meta_author_avatar":"","neve_post_elements_order":"","neve_meta_disable_header":"","neve_meta_disable_footer":"","neve_meta_disable_title":"","footnotes":""},"class_list":["post-1235","page","type-page","status-publish","has-post-thumbnail","hentry"],"jetpack_sharing_enabled":true,"_links":{"self":[{"href":"https:\/\/impexpharm.com\/en\/wp-json\/wp\/v2\/pages\/1235","targetHints":{"allow":["GET"]}}],"collection":[{"href":"https:\/\/impexpharm.com\/en\/wp-json\/wp\/v2\/pages"}],"about":[{"href":"https:\/\/impexpharm.com\/en\/wp-json\/wp\/v2\/types\/page"}],"author":[{"embeddable":true,"href":"https:\/\/impexpharm.com\/en\/wp-json\/wp\/v2\/users\/1"}],"replies":[{"embeddable":true,"href":"https:\/\/impexpharm.com\/en\/wp-json\/wp\/v2\/comments?post=1235"}],"version-history":[{"count":0,"href":"https:\/\/impexpharm.com\/en\/wp-json\/wp\/v2\/pages\/1235\/revisions"}],"wp:featuredmedia":[{"embeddable":true,"href":"https:\/\/impexpharm.com\/en\/wp-json\/wp\/v2\/media\/1082"}],"wp:attachment":[{"href":"https:\/\/impexpharm.com\/en\/wp-json\/wp\/v2\/media?parent=1235"}],"curies":[{"name":"wp","href":"https:\/\/api.w.org\/{rel}","templated":true}]}}